{"id":28498,"date":"2024-01-29T22:10:26","date_gmt":"2024-01-29T22:10:26","guid":{"rendered":"https:\/\/unpnc.com\/?page_id=28498"},"modified":"2024-09-02T16:57:02","modified_gmt":"2024-09-02T16:57:02","slug":"section-easyjet","status":"publish","type":"page","link":"https:\/\/unpncnational.traitdense.com\/?page_id=28498","title":{"rendered":"Section Easyjet"},"content":{"rendered":"\t\t<div data-elementor-type=\"wp-page\" data-elementor-id=\"28498\" class=\"elementor elementor-28498\" data-elementor-post-type=\"page\">\n\t\t\t\t<div data-particle_enable=\"false\" data-particle-mobile-disabled=\"false\" class=\"elementor-element elementor-element-4a69eac9 e-flex e-con-boxed e-con e-parent\" data-id=\"4a69eac9\" data-element_type=\"container\" data-e-type=\"container\" data-settings=\"{&quot;sticky&quot;:&quot;top&quot;,&quot;background_background&quot;:&quot;classic&quot;,&quot;sticky_on&quot;:[&quot;desktop&quot;,&quot;tablet&quot;,&quot;mobile_extra&quot;,&quot;mobile&quot;],&quot;sticky_offset&quot;:0,&quot;sticky_effects_offset&quot;:0,&quot;sticky_anchor_link_offset&quot;:0}\">\n\t\t\t\t\t<div class=\"e-con-inner\">\n\t\t\t\t<div class=\"elementor-element elementor-element-b21310e eael_simple_menu_hamburger_disable_selected_menu_no eael-simple-menu-hamburger-align-right eael-hamburger--tablet elementor-widget elementor-widget-global elementor-global-30139 elementor-widget-eael-simple-menu\" data-id=\"b21310e\" data-element_type=\"widget\" data-e-type=\"widget\" data-widget_type=\"eael-simple-menu.default\">\n\t\t\t\t<div class=\"elementor-widget-container\">\n\t\t\t\t\t<style>\n                        @media screen and (max-width: 959px) {\n                            .eael-hamburger--tablet {\n                                .eael-simple-menu-horizontal,\n                                .eael-simple-menu-vertical {\n                                    display: none;\n                                }\n                            }\n                            .eael-hamburger--tablet {\n                                .eael-simple-menu-container .eael-simple-menu-toggle {\n                                    display: block;\n                                }\n                            }\n                        }\n                        .eael-simple-menu-container.eael-simple-menu--loading > ul {\n                            display: -webkit-box !important;\n                            display: -ms-flexbox !important;\n                            display: flex !important;\n                            list-style: none !important;\n                        }\n                        .eael-simple-menu-container.eael-simple-menu--loading li ul {\n                            visibility: hidden !important;\n                            opacity: 0 !important;\n                        }\n                    <\/style>            <div data-hamburger-icon=\"&lt;svg aria-hidden=&quot;true&quot; class=&quot;e-font-icon-svg e-fas-bars&quot; viewBox=&quot;0 0 448 512&quot; xmlns=&quot;http:\/\/www.w3.org\/2000\/svg&quot;&gt;&lt;path d=&quot;M16 132h416c8.837 0 16-7.163 16-16V76c0-8.837-7.163-16-16-16H16C7.163 60 0 67.163 0 76v40c0 8.837 7.163 16 16 16zm0 160h416c8.837 0 16-7.163 16-16v-40c0-8.837-7.163-16-16-16H16c-8.837 0-16 7.163-16 16v40c0 8.837 7.163 16 16 16zm0 160h416c8.837 0 16-7.163 16-16v-40c0-8.837-7.163-16-16-16H16c-8.837 0-16 7.163-16 16v40c0 8.837 7.163 16 16 16z&quot;&gt;&lt;\/path&gt;&lt;\/svg&gt;\" data-indicator-icon=\"&lt;svg aria-hidden=&quot;true&quot; class=&quot;e-font-icon-svg e-fas-angle-down&quot; viewBox=&quot;0 0 320 512&quot; xmlns=&quot;http:\/\/www.w3.org\/2000\/svg&quot;&gt;&lt;path d=&quot;M143 352.3L7 216.3c-9.4-9.4-9.4-24.6 0-33.9l22.6-22.6c9.4-9.4 24.6-9.4 33.9 0l96.4 96.4 96.4-96.4c9.4-9.4 24.6-9.4 33.9 0l22.6 22.6c9.4 9.4 9.4 24.6 0 33.9l-136 136c-9.2 9.4-24.4 9.4-33.8 0z&quot;&gt;&lt;\/path&gt;&lt;\/svg&gt;\" data-dropdown-indicator-icon=\"&lt;svg class=&quot;e-font-icon-svg e-fas-angle-down&quot; viewBox=&quot;0 0 320 512&quot; xmlns=&quot;http:\/\/www.w3.org\/2000\/svg&quot;&gt;&lt;path d=&quot;M143 352.3L7 216.3c-9.4-9.4-9.4-24.6 0-33.9l22.6-22.6c9.4-9.4 24.6-9.4 33.9 0l96.4 96.4 96.4-96.4c9.4-9.4 24.6-9.4 33.9 0l22.6 22.6c9.4 9.4 9.4 24.6 0 33.9l-136 136c-9.2 9.4-24.4 9.4-33.8 0z&quot;&gt;&lt;\/path&gt;&lt;\/svg&gt;\" class=\"eael-simple-menu-container eael-simple-menu--loading eael-simple-menu-align-right eael-simple-menu-dropdown-align-left preset-3\" data-hamburger-breakpoints=\"{&quot;mobile&quot;:&quot;Portrait mobile (&gt; 479px)&quot;,&quot;mobile_extra&quot;:&quot;Mobile Paysage (&gt; 900px)&quot;,&quot;tablet&quot;:&quot;Tablette en mode portrait (&gt; 959px)&quot;,&quot;desktop&quot;:&quot;Desktop (&gt; 2400px)&quot;,&quot;none&quot;:&quot;None&quot;}\" data-hamburger-device=\"tablet\">\n                <ul id=\"menu-unpnc\" class=\"eael-simple-menu eael-simple-menu-dropdown-animate-to-top eael-simple-menu-indicator eael-simple-menu-horizontal\"><li id=\"menu-item-31820\" class=\"menu-item menu-item-type-post_type menu-item-object-page menu-item-home menu-item-31820\"><a href=\"https:\/\/unpncnational.traitdense.com\/\">Accueil<\/a><\/li>\n<li id=\"menu-item-32064\" class=\"menu-item menu-item-type-post_type menu-item-object-page menu-item-32064\"><a href=\"https:\/\/unpncnational.traitdense.com\/?page_id=32061\">Adhesion<\/a><\/li>\n<li id=\"menu-item-28281\" class=\"menu-item menu-item-type-post_type menu-item-object-page menu-item-28281\"><a href=\"https:\/\/unpncnational.traitdense.com\/?page_id=801\">Contact<\/a><\/li>\n<li id=\"menu-item-31835\" class=\"menu-item menu-item-type-post_type menu-item-object-page current_page_parent menu-item-31835\"><a href=\"https:\/\/unpncnational.traitdense.com\/?page_id=31708\">Articles<\/a><\/li>\n<li id=\"menu-item-32089\" class=\"menu-item menu-item-type-custom menu-item-object-custom menu-item-has-children menu-item-32089\"><a href=\"#\">Sections<\/a>\n<ul class=\"sub-menu\">\n\t<li id=\"menu-item-32083\" class=\"menu-item menu-item-type-post_type menu-item-object-page menu-item-32083\"><a href=\"https:\/\/unpncnational.traitdense.com\/?page_id=28460\">Air France<\/a><\/li>\n\t<li id=\"menu-item-32084\" class=\"menu-item menu-item-type-post_type menu-item-object-page menu-item-32084\"><a href=\"https:\/\/unpncnational.traitdense.com\/?page_id=28477\">ASL<\/a><\/li>\n\t<li id=\"menu-item-32085\" class=\"menu-item menu-item-type-post_type menu-item-object-page menu-item-32085\"><a href=\"https:\/\/unpncnational.traitdense.com\/?page_id=28478\">Corsair<\/a><\/li>\n\t<li id=\"menu-item-32086\" class=\"menu-item menu-item-type-post_type menu-item-object-page menu-item-32086\"><a href=\"https:\/\/unpncnational.traitdense.com\/?page_id=28498\">Easyjet<\/a><\/li>\n\t<li id=\"menu-item-32125\" class=\"menu-item menu-item-type-post_type menu-item-object-page menu-item-32125\"><a href=\"https:\/\/unpncnational.traitdense.com\/?page_id=32124\">FrenchBee<\/a><\/li>\n\t<li id=\"menu-item-32087\" class=\"menu-item menu-item-type-post_type menu-item-object-page menu-item-32087\"><a href=\"https:\/\/unpncnational.traitdense.com\/?page_id=30024\">Hop<\/a><\/li>\n\t<li id=\"menu-item-32088\" class=\"menu-item menu-item-type-post_type menu-item-object-page menu-item-32088\"><a href=\"https:\/\/unpncnational.traitdense.com\/?page_id=28466\">Transavia<\/a><\/li>\n<\/ul>\n<\/li>\n<li id=\"menu-item-30925\" class=\"menu-item menu-item-type-custom menu-item-object-custom menu-item-has-children menu-item-30925\"><a href=\"#\">Annexe<\/a>\n<ul class=\"sub-menu\">\n\t<li id=\"menu-item-30917\" class=\"menu-item menu-item-type-post_type menu-item-object-page menu-item-30917\"><a href=\"https:\/\/unpncnational.traitdense.com\/?page_id=30916\">Confidentialite<\/a><\/li>\n\t<li id=\"menu-item-30910\" class=\"menu-item menu-item-type-post_type menu-item-object-page menu-item-30910\"><a href=\"https:\/\/unpncnational.traitdense.com\/?page_id=30909\"><i class=\"icon before dashicons dashicons-admin-network\" aria-hidden=\"true\"><\/i><span class=\"menu-text\">Assistance App<\/span><\/a><\/li>\n<\/ul>\n<\/li>\n<\/ul>                <button class=\"eael-simple-menu-toggle\">\n                    <span class=\"sr-only \">Hamburger Toggle Menu<\/span>\n                    <svg aria-hidden=\"true\" class=\"e-font-icon-svg e-fas-bars\" viewBox=\"0 0 448 512\" xmlns=\"http:\/\/www.w3.org\/2000\/svg\"><path d=\"M16 132h416c8.837 0 16-7.163 16-16V76c0-8.837-7.163-16-16-16H16C7.163 60 0 67.163 0 76v40c0 8.837 7.163 16 16 16zm0 160h416c8.837 0 16-7.163 16-16v-40c0-8.837-7.163-16-16-16H16c-8.837 0-16 7.163-16 16v40c0 8.837 7.163 16 16 16zm0 160h416c8.837 0 16-7.163 16-16v-40c0-8.837-7.163-16-16-16H16c-8.837 0-16 7.163-16 16v40c0 8.837 7.163 16 16 16z\"><\/path><\/svg>                <\/button>\n            <\/div>\n            \t\t\t\t<\/div>\n\t\t\t\t<\/div>\n\t\t\t\t\t<\/div>\n\t\t\t\t<\/div>\n\t\t\t\t<section data-particle_enable=\"false\" data-particle-mobile-disabled=\"false\" class=\"elementor-section elementor-top-section elementor-element elementor-element-de79c29 elementor-section-full_width elementor-hidden-mobile_extra elementor-hidden-mobile elementor-section-height-default elementor-section-height-default\" data-id=\"de79c29\" data-element_type=\"section\" data-e-type=\"section\" data-settings=\"{&quot;background_background&quot;:&quot;classic&quot;}\">\n\t\t\t\t\t\t<div class=\"elementor-container elementor-column-gap-no\">\n\t\t\t\t\t<div class=\"elementor-column elementor-col-100 elementor-top-column elementor-element elementor-element-be4657b\" data-id=\"be4657b\" data-element_type=\"column\" data-e-type=\"column\">\n\t\t\t<div class=\"elementor-widget-wrap elementor-element-populated\">\n\t\t\t\t\t\t<div class=\"elementor-element elementor-element-3f4d346 elementor-widget elementor-widget-spacer\" data-id=\"3f4d346\" data-element_type=\"widget\" data-e-type=\"widget\" data-widget_type=\"spacer.default\">\n\t\t\t\t<div class=\"elementor-widget-container\">\n\t\t\t\t\t\t\t<div class=\"elementor-spacer\">\n\t\t\t<div class=\"elementor-spacer-inner\"><\/div>\n\t\t<\/div>\n\t\t\t\t\t\t<\/div>\n\t\t\t\t<\/div>\n\t\t\t\t\t<\/div>\n\t\t<\/div>\n\t\t\t\t\t<\/div>\n\t\t<\/section>\n\t\t\t\t<section data-particle_enable=\"false\" data-particle-mobile-disabled=\"false\" class=\"elementor-section elementor-top-section elementor-element elementor-element-0bd14a1 elementor-section-full_width elementor-hidden-desktop elementor-hidden-tablet elementor-section-height-default elementor-section-height-default\" data-id=\"0bd14a1\" data-element_type=\"section\" data-e-type=\"section\" data-settings=\"{&quot;background_background&quot;:&quot;classic&quot;}\">\n\t\t\t\t\t\t<div class=\"elementor-container elementor-column-gap-no\">\n\t\t\t\t\t<div class=\"elementor-column elementor-col-100 elementor-top-column elementor-element elementor-element-579f422\" data-id=\"579f422\" data-element_type=\"column\" data-e-type=\"column\">\n\t\t\t<div class=\"elementor-widget-wrap elementor-element-populated\">\n\t\t\t\t\t\t<div class=\"elementor-element elementor-element-0e66983 elementor-absolute elementor-widget__width-initial elementor-widget elementor-widget-global elementor-global-30467 elementor-widget-image\" data-id=\"0e66983\" data-element_type=\"widget\" data-e-type=\"widget\" data-settings=\"{&quot;_position&quot;:&quot;absolute&quot;}\" data-widget_type=\"image.default\">\n\t\t\t\t<div class=\"elementor-widget-container\">\n\t\t\t\t\t\t\t\t\t\t\t\t\t\t\t<img decoding=\"async\" width=\"150\" height=\"150\" src=\"https:\/\/unpncnational.traitdense.com\/wp-content\/uploads\/2024\/02\/UNPNC-CREW-150x150.png\" class=\"attachment-thumbnail size-thumbnail wp-image-30892\" alt=\"\" srcset=\"https:\/\/unpncnational.traitdense.com\/wp-content\/uploads\/2024\/02\/UNPNC-CREW-150x150.png 150w, https:\/\/unpncnational.traitdense.com\/wp-content\/uploads\/2024\/02\/UNPNC-CREW-300x300.png 300w, https:\/\/unpncnational.traitdense.com\/wp-content\/uploads\/2024\/02\/UNPNC-CREW-500x500.png 500w, https:\/\/unpncnational.traitdense.com\/wp-content\/uploads\/2024\/02\/UNPNC-CREW.png 512w\" sizes=\"(max-width: 150px) 100vw, 150px\" \/>\t\t\t\t\t\t\t\t\t\t\t\t\t\t\t<\/div>\n\t\t\t\t<\/div>\n\t\t\t\t<div class=\"elementor-element elementor-element-516face elementor-widget elementor-widget-spacer\" data-id=\"516face\" data-element_type=\"widget\" data-e-type=\"widget\" data-widget_type=\"spacer.default\">\n\t\t\t\t<div class=\"elementor-widget-container\">\n\t\t\t\t\t\t\t<div class=\"elementor-spacer\">\n\t\t\t<div class=\"elementor-spacer-inner\"><\/div>\n\t\t<\/div>\n\t\t\t\t\t\t<\/div>\n\t\t\t\t<\/div>\n\t\t\t\t\t<\/div>\n\t\t<\/div>\n\t\t\t\t\t<\/div>\n\t\t<\/section>\n\t\t<div data-particle_enable=\"false\" data-particle-mobile-disabled=\"false\" class=\"elementor-element elementor-element-6c25503 e-flex e-con-boxed e-con e-parent\" data-id=\"6c25503\" data-element_type=\"container\" data-e-type=\"container\" data-settings=\"{&quot;background_background&quot;:&quot;classic&quot;}\">\n\t\t\t\t\t<div class=\"e-con-inner\">\n\t\t\t\t<div class=\"elementor-element elementor-element-180282c elementor-widget elementor-widget-spacer\" data-id=\"180282c\" data-element_type=\"widget\" data-e-type=\"widget\" data-widget_type=\"spacer.default\">\n\t\t\t\t<div class=\"elementor-widget-container\">\n\t\t\t\t\t\t\t<div class=\"elementor-spacer\">\n\t\t\t<div class=\"elementor-spacer-inner\"><\/div>\n\t\t<\/div>\n\t\t\t\t\t\t<\/div>\n\t\t\t\t<\/div>\n\t\t\t\t<div class=\"elementor-element elementor-element-27f209a elementor-absolute elementor-hidden-mobile_extra elementor-hidden-mobile elementor-widget elementor-widget-global elementor-global-28962 elementor-widget-image\" data-id=\"27f209a\" data-element_type=\"widget\" data-e-type=\"widget\" data-settings=\"{&quot;_position&quot;:&quot;absolute&quot;}\" data-widget_type=\"image.default\">\n\t\t\t\t<div class=\"elementor-widget-container\">\n\t\t\t\t\t\t\t\t\t\t\t\t\t\t\t<img decoding=\"async\" width=\"150\" height=\"150\" src=\"https:\/\/unpncnational.traitdense.com\/wp-content\/uploads\/2024\/02\/UNPNC-CREW-150x150.png\" class=\"attachment-thumbnail size-thumbnail wp-image-30892\" alt=\"\" srcset=\"https:\/\/unpncnational.traitdense.com\/wp-content\/uploads\/2024\/02\/UNPNC-CREW-150x150.png 150w, https:\/\/unpncnational.traitdense.com\/wp-content\/uploads\/2024\/02\/UNPNC-CREW-300x300.png 300w, https:\/\/unpncnational.traitdense.com\/wp-content\/uploads\/2024\/02\/UNPNC-CREW-500x500.png 500w, https:\/\/unpncnational.traitdense.com\/wp-content\/uploads\/2024\/02\/UNPNC-CREW.png 512w\" sizes=\"(max-width: 150px) 100vw, 150px\" \/>\t\t\t\t\t\t\t\t\t\t\t\t\t\t\t<\/div>\n\t\t\t\t<\/div>\n\t\t\t\t<div class=\"elementor-element elementor-element-c1c219f elementor-widget elementor-widget-heading\" data-id=\"c1c219f\" data-element_type=\"widget\" data-e-type=\"widget\" data-widget_type=\"heading.default\">\n\t\t\t\t<div class=\"elementor-widget-container\">\n\t\t\t\t\t<h2 class=\"elementor-heading-title elementor-size-default\">Unpnc easyJet<\/h2>\t\t\t\t<\/div>\n\t\t\t\t<\/div>\n\t\t\t\t\t<\/div>\n\t\t\t\t<\/div>\n\t\t\t\t<section data-particle_enable=\"false\" data-particle-mobile-disabled=\"false\" class=\"elementor-section elementor-top-section elementor-element elementor-element-b15603a elementor-section-boxed elementor-section-height-default elementor-section-height-default\" data-id=\"b15603a\" data-element_type=\"section\" data-e-type=\"section\" data-settings=\"{&quot;background_background&quot;:&quot;classic&quot;}\">\n\t\t\t\t\t\t<div class=\"elementor-container elementor-column-gap-no\">\n\t\t\t\t\t<div class=\"elementor-column elementor-col-100 elementor-top-column elementor-element elementor-element-717a6f6\" data-id=\"717a6f6\" data-element_type=\"column\" data-e-type=\"column\">\n\t\t\t<div class=\"elementor-widget-wrap elementor-element-populated\">\n\t\t\t\t\t\t<div class=\"elementor-element elementor-element-c472b77 elementor-widget elementor-widget-text-editor\" data-id=\"c472b77\" data-element_type=\"widget\" data-e-type=\"widget\" data-widget_type=\"text-editor.default\">\n\t\t\t\t<div class=\"elementor-widget-container\">\n\t\t\t\t\t\t\t\t\t<p style=\"font-weight: 400;\">Le syndicat UNPNC (Union Nationale des Personnels Navigants Commerciaux) repr\u00e9sente une composante essentielle de la dynamique sociale et professionnelle au sein de compagnies a\u00e9riennes comme EasyJet. Ce syndicat, sp\u00e9cialis\u00e9 dans la d\u00e9fense des int\u00e9r\u00eats des h\u00f4tesses de l&#8217;air et des stewards, joue un r\u00f4le crucial dans la n\u00e9gociation des conditions de travail, la promotion de la s\u00e9curit\u00e9 et la garantie d&#8217;un environnement de travail \u00e9quitable et respectueux des droits de ses membres.<\/p><p style=\"font-weight: 400;\">L&#8217;implication de l&#8217;UNPNC chez EasyJet couvre plusieurs aspects cruciaux pour le bien-\u00eatre et la s\u00e9curit\u00e9 de ses membres. Premi\u00e8rement, le syndicat est activement engag\u00e9 dans les n\u00e9gociations collectives, o\u00f9 il repr\u00e9sente les personnels navigants commerciaux lors des discussions sur les salaires, les horaires de travail, les primes et les avantages sociaux. Ces n\u00e9gociations sont vitales pour assurer que les membres du personnel b\u00e9n\u00e9ficient de r\u00e9mun\u00e9rations justes et de conditions de travail qui refl\u00e8tent leur engagement et leur professionnalisme.<\/p><p style=\"font-weight: 400;\">En outre, l&#8217;UNPNC joue un r\u00f4le pr\u00e9pond\u00e9rant dans la promotion des standards de s\u00e9curit\u00e9 et de sant\u00e9 au travail. Dans un secteur o\u00f9 les conditions de travail peuvent \u00eatre exigeantes et parfois dangereuses, le syndicat veille \u00e0 ce que EasyJet respecte les r\u00e9glementations en vigueur et mette en \u0153uvre des mesures de pr\u00e9vention des risques professionnels. Ceci inclut la formation continue des \u00e9quipages, l&#8217;am\u00e9lioration des protocoles de s\u00e9curit\u00e9 \u00e0 bord et au sol, ainsi que la surveillance des pratiques de l&#8217;entreprise en mati\u00e8re de sant\u00e9 et s\u00e9curit\u00e9.<\/p><p style=\"font-weight: 400;\">Le dialogue social est un autre domaine o\u00f9 l&#8217;UNPNC est intens\u00e9ment actif. Le syndicat assure une communication r\u00e9guli\u00e8re avec la direction d&#8217;EasyJet pour discuter des politiques d&#8217;entreprise, des changements dans l&#8217;organisation du travail et des projets de d\u00e9veloppement. Cette interaction permet de construire un espace de dialogue o\u00f9 les pr\u00e9occupations des personnels navigants sont prises en compte, favorisant ainsi une culture d&#8217;entreprise inclusive et respectueuse des droits des travailleurs.<\/p><p style=\"font-weight: 400;\">L&#8217;UNPNC s&#8217;efforce \u00e9galement de tenir ses membres inform\u00e9s des \u00e9volutions l\u00e9gislatives, des tendances du secteur a\u00e9rien et des questions li\u00e9es au droit du travail qui pourraient avoir un impact sur leurs conditions d&#8217;emploi. Par le biais de bulletins d&#8217;information, de r\u00e9unions d&#8217;information et de formations, le syndicat joue un r\u00f4le \u00e9ducatif important, renfor\u00e7ant la connaissance et la compr\u00e9hension de ses membres sur des sujets essentiels \u00e0 leur profession.<\/p><p style=\"font-weight: 400;\">Face aux d\u00e9fis du secteur a\u00e9rien, tels que les fluctuations \u00e9conomiques, les crises sanitaires ou les changements r\u00e9glementaires, l&#8217;UNPNC demeure un pilier de stabilit\u00e9 et de soutien pour ses membres. Le syndicat s&#8217;adapte continuellement pour repr\u00e9senter efficacement les int\u00e9r\u00eats de ses adh\u00e9rents dans un environnement en constante \u00e9volution, en n\u00e9gociant des accords qui prot\u00e8gent les emplois et en d\u00e9fendant vigoureusement les droits des personnels navigants.<\/p><p style=\"font-weight: 400;\">L&#8217;action de l&#8217;UNPNC au sein d&#8217;EasyJet illustre l&#8217;importance cruciale des syndicats dans le secteur a\u00e9rien. En \u0153uvrant pour un \u00e9quilibre entre les besoins de l&#8217;entreprise et le bien-\u00eatre des employ\u00e9s, le syndicat contribue \u00e0 la cr\u00e9ation d&#8217;un milieu de travail harmonieux et productif. Sa pr\u00e9sence assure que les voix des personnels navigants commerciaux sont entendues et respect\u00e9es, et que leurs contributions sont reconnues comme \u00e9tant au c\u0153ur du succ\u00e8s de la compagnie a\u00e9rienne.<\/p><p style=\"font-weight: 400;\">\u00a0<\/p>\t\t\t\t\t\t\t\t<\/div>\n\t\t\t\t<\/div>\n\t\t\t\t\t<\/div>\n\t\t<\/div>\n\t\t\t\t\t<\/div>\n\t\t<\/section>\n\t\t\t\t<section data-particle_enable=\"false\" data-particle-mobile-disabled=\"false\" class=\"elementor-section elementor-top-section elementor-element elementor-element-4de3f189 elementor-section-full_width elementor-section-height-default elementor-section-height-default\" data-id=\"4de3f189\" data-element_type=\"section\" data-e-type=\"section\">\n\t\t\t\t\t\t<div class=\"elementor-container elementor-column-gap-no\">\n\t\t\t\t\t<div class=\"elementor-column elementor-col-100 elementor-top-column elementor-element elementor-element-7b344d5a\" data-id=\"7b344d5a\" data-element_type=\"column\" data-e-type=\"column\">\n\t\t\t<div class=\"elementor-widget-wrap\">\n\t\t\t\t\t\t\t<\/div>\n\t\t<\/div>\n\t\t\t\t\t<\/div>\n\t\t<\/section>\n\t\t\t\t<\/div>\n\t\t","protected":false},"excerpt":{"rendered":"<p>Accueil Articles Reportages Adhesion Contact Sections Section Air France Section ASL Section Corsair Section Easyjet Section Hop Section Transavia Annexe Confidentialite Assistance App Humberger Toggle Menu Unpnc easyJet Le syndicat UNPNC (Union Nationale des Personnels Navigants Commerciaux) repr\u00e9sente une composante essentielle de la dynamique sociale et professionnelle au sein de compagnies a\u00e9riennes comme EasyJet. Ce [&hellip;]<\/p>\n","protected":false},"author":1,"featured_media":0,"parent":0,"menu_order":0,"comment_status":"closed","ping_status":"closed","template":"","meta":{"ocean_post_layout":"","ocean_both_sidebars_style":"","ocean_both_sidebars_content_width":0,"ocean_both_sidebars_sidebars_width":0,"ocean_sidebar":"","ocean_second_sidebar":"","ocean_disable_margins":"enable","ocean_add_body_class":"","ocean_shortcode_before_top_bar":"","ocean_shortcode_after_top_bar":"","ocean_shortcode_before_header":"","ocean_shortcode_after_header":"","ocean_has_shortcode":"","ocean_shortcode_after_title":"","ocean_shortcode_before_footer_widgets":"","ocean_shortcode_after_footer_widgets":"","ocean_shortcode_before_footer_bottom":"","ocean_shortcode_after_footer_bottom":"","ocean_display_top_bar":"default","ocean_display_header":"default","ocean_header_style":"","ocean_center_header_left_menu":"","ocean_custom_header_template":"","ocean_custom_logo":0,"ocean_custom_retina_logo":0,"ocean_custom_logo_max_width":0,"ocean_custom_logo_tablet_max_width":0,"ocean_custom_logo_mobile_max_width":0,"ocean_custom_logo_max_height":0,"ocean_custom_logo_tablet_max_height":0,"ocean_custom_logo_mobile_max_height":0,"ocean_header_custom_menu":"","ocean_menu_typo_font_family":"","ocean_menu_typo_font_subset":"","ocean_menu_typo_font_size":0,"ocean_menu_typo_font_size_tablet":0,"ocean_menu_typo_font_size_mobile":0,"ocean_menu_typo_font_size_unit":"px","ocean_menu_typo_font_weight":"","ocean_menu_typo_font_weight_tablet":"","ocean_menu_typo_font_weight_mobile":"","ocean_menu_typo_transform":"","ocean_menu_typo_transform_tablet":"","ocean_menu_typo_transform_mobile":"","ocean_menu_typo_line_height":0,"ocean_menu_typo_line_height_tablet":0,"ocean_menu_typo_line_height_mobile":0,"ocean_menu_typo_line_height_unit":"","ocean_menu_typo_spacing":0,"ocean_menu_typo_spacing_tablet":0,"ocean_menu_typo_spacing_mobile":0,"ocean_menu_typo_spacing_unit":"","ocean_menu_link_color":"","ocean_menu_link_color_hover":"","ocean_menu_link_color_active":"","ocean_menu_link_background":"","ocean_menu_link_hover_background":"","ocean_menu_link_active_background":"","ocean_menu_social_links_bg":"","ocean_menu_social_hover_links_bg":"","ocean_menu_social_links_color":"","ocean_menu_social_hover_links_color":"","ocean_disable_title":"default","ocean_disable_heading":"default","ocean_post_title":"","ocean_post_subheading":"","ocean_post_title_style":"","ocean_post_title_background_color":"","ocean_post_title_background":0,"ocean_post_title_bg_image_position":"","ocean_post_title_bg_image_attachment":"","ocean_post_title_bg_image_repeat":"","ocean_post_title_bg_image_size":"","ocean_post_title_height":0,"ocean_post_title_bg_overlay":0.5,"ocean_post_title_bg_overlay_color":"","ocean_disable_breadcrumbs":"default","ocean_breadcrumbs_color":"","ocean_breadcrumbs_separator_color":"","ocean_breadcrumbs_links_color":"","ocean_breadcrumbs_links_hover_color":"","ocean_display_footer_widgets":"default","ocean_display_footer_bottom":"default","ocean_custom_footer_template":"","footnotes":""},"class_list":["post-28498","page","type-page","status-publish","hentry","entry"],"_links":{"self":[{"href":"https:\/\/unpncnational.traitdense.com\/index.php?rest_route=\/wp\/v2\/pages\/28498","targetHints":{"allow":["GET"]}}],"collection":[{"href":"https:\/\/unpncnational.traitdense.com\/index.php?rest_route=\/wp\/v2\/pages"}],"about":[{"href":"https:\/\/unpncnational.traitdense.com\/index.php?rest_route=\/wp\/v2\/types\/page"}],"author":[{"embeddable":true,"href":"https:\/\/unpncnational.traitdense.com\/index.php?rest_route=\/wp\/v2\/users\/1"}],"replies":[{"embeddable":true,"href":"https:\/\/unpncnational.traitdense.com\/index.php?rest_route=%2Fwp%2Fv2%2Fcomments&post=28498"}],"version-history":[{"count":6,"href":"https:\/\/unpncnational.traitdense.com\/index.php?rest_route=\/wp\/v2\/pages\/28498\/revisions"}],"predecessor-version":[{"id":32113,"href":"https:\/\/unpncnational.traitdense.com\/index.php?rest_route=\/wp\/v2\/pages\/28498\/revisions\/32113"}],"wp:attachment":[{"href":"https:\/\/unpncnational.traitdense.com\/index.php?rest_route=%2Fwp%2Fv2%2Fmedia&parent=28498"}],"curies":[{"name":"wp","href":"https:\/\/api.w.org\/{rel}","templated":true}]}}