{"id":28478,"date":"2024-01-29T21:10:02","date_gmt":"2024-01-29T21:10:02","guid":{"rendered":"https:\/\/unpnc.com\/?page_id=28478"},"modified":"2024-09-02T16:55:20","modified_gmt":"2024-09-02T16:55:20","slug":"section-corsair","status":"publish","type":"page","link":"https:\/\/unpncnational.traitdense.com\/?page_id=28478","title":{"rendered":"Section Corsair"},"content":{"rendered":"\t\t<div data-elementor-type=\"wp-page\" data-elementor-id=\"28478\" class=\"elementor elementor-28478\" data-elementor-post-type=\"page\">\n\t\t\t\t<div data-particle_enable=\"false\" data-particle-mobile-disabled=\"false\" class=\"elementor-element elementor-element-1578adb6 e-flex e-con-boxed e-con e-parent\" data-id=\"1578adb6\" data-element_type=\"container\" data-e-type=\"container\" data-settings=\"{&quot;sticky&quot;:&quot;top&quot;,&quot;background_background&quot;:&quot;classic&quot;,&quot;sticky_on&quot;:[&quot;desktop&quot;,&quot;tablet&quot;,&quot;mobile_extra&quot;,&quot;mobile&quot;],&quot;sticky_offset&quot;:0,&quot;sticky_effects_offset&quot;:0,&quot;sticky_anchor_link_offset&quot;:0}\">\n\t\t\t\t\t<div class=\"e-con-inner\">\n\t\t\t\t<div class=\"elementor-element elementor-element-abc6af9 eael_simple_menu_hamburger_disable_selected_menu_no eael-simple-menu-hamburger-align-right eael-hamburger--tablet elementor-widget elementor-widget-global elementor-global-30139 elementor-widget-eael-simple-menu\" data-id=\"abc6af9\" data-element_type=\"widget\" data-e-type=\"widget\" data-widget_type=\"eael-simple-menu.default\">\n\t\t\t\t<div class=\"elementor-widget-container\">\n\t\t\t\t\t<style>\n                        @media screen and (max-width: 959px) {\n                            .eael-hamburger--tablet {\n                                .eael-simple-menu-horizontal,\n                                .eael-simple-menu-vertical {\n                                    display: none;\n                                }\n                            }\n                            .eael-hamburger--tablet {\n                                .eael-simple-menu-container .eael-simple-menu-toggle {\n                                    display: block;\n                                }\n                            }\n                        }\n                        .eael-simple-menu-container.eael-simple-menu--loading > ul {\n                            display: -webkit-box !important;\n                            display: -ms-flexbox !important;\n                            display: flex !important;\n                            list-style: none !important;\n                        }\n                        .eael-simple-menu-container.eael-simple-menu--loading li ul {\n                            visibility: hidden !important;\n                            opacity: 0 !important;\n                        }\n                    <\/style>            <div data-hamburger-icon=\"&lt;svg aria-hidden=&quot;true&quot; class=&quot;e-font-icon-svg e-fas-bars&quot; viewBox=&quot;0 0 448 512&quot; xmlns=&quot;http:\/\/www.w3.org\/2000\/svg&quot;&gt;&lt;path d=&quot;M16 132h416c8.837 0 16-7.163 16-16V76c0-8.837-7.163-16-16-16H16C7.163 60 0 67.163 0 76v40c0 8.837 7.163 16 16 16zm0 160h416c8.837 0 16-7.163 16-16v-40c0-8.837-7.163-16-16-16H16c-8.837 0-16 7.163-16 16v40c0 8.837 7.163 16 16 16zm0 160h416c8.837 0 16-7.163 16-16v-40c0-8.837-7.163-16-16-16H16c-8.837 0-16 7.163-16 16v40c0 8.837 7.163 16 16 16z&quot;&gt;&lt;\/path&gt;&lt;\/svg&gt;\" data-indicator-icon=\"&lt;svg aria-hidden=&quot;true&quot; class=&quot;e-font-icon-svg e-fas-angle-down&quot; viewBox=&quot;0 0 320 512&quot; xmlns=&quot;http:\/\/www.w3.org\/2000\/svg&quot;&gt;&lt;path d=&quot;M143 352.3L7 216.3c-9.4-9.4-9.4-24.6 0-33.9l22.6-22.6c9.4-9.4 24.6-9.4 33.9 0l96.4 96.4 96.4-96.4c9.4-9.4 24.6-9.4 33.9 0l22.6 22.6c9.4 9.4 9.4 24.6 0 33.9l-136 136c-9.2 9.4-24.4 9.4-33.8 0z&quot;&gt;&lt;\/path&gt;&lt;\/svg&gt;\" data-dropdown-indicator-icon=\"&lt;svg class=&quot;e-font-icon-svg e-fas-angle-down&quot; viewBox=&quot;0 0 320 512&quot; xmlns=&quot;http:\/\/www.w3.org\/2000\/svg&quot;&gt;&lt;path d=&quot;M143 352.3L7 216.3c-9.4-9.4-9.4-24.6 0-33.9l22.6-22.6c9.4-9.4 24.6-9.4 33.9 0l96.4 96.4 96.4-96.4c9.4-9.4 24.6-9.4 33.9 0l22.6 22.6c9.4 9.4 9.4 24.6 0 33.9l-136 136c-9.2 9.4-24.4 9.4-33.8 0z&quot;&gt;&lt;\/path&gt;&lt;\/svg&gt;\" class=\"eael-simple-menu-container eael-simple-menu--loading eael-simple-menu-align-right eael-simple-menu-dropdown-align-left preset-3\" data-hamburger-breakpoints=\"{&quot;mobile&quot;:&quot;Portrait mobile (&gt; 479px)&quot;,&quot;mobile_extra&quot;:&quot;Mobile Paysage (&gt; 900px)&quot;,&quot;tablet&quot;:&quot;Tablette en mode portrait (&gt; 959px)&quot;,&quot;desktop&quot;:&quot;Desktop (&gt; 2400px)&quot;,&quot;none&quot;:&quot;None&quot;}\" data-hamburger-device=\"tablet\">\n                <ul id=\"menu-unpnc\" class=\"eael-simple-menu eael-simple-menu-dropdown-animate-to-top eael-simple-menu-indicator eael-simple-menu-horizontal\"><li id=\"menu-item-31820\" class=\"menu-item menu-item-type-post_type menu-item-object-page menu-item-home menu-item-31820\"><a href=\"https:\/\/unpncnational.traitdense.com\/\">Accueil<\/a><\/li>\n<li id=\"menu-item-32064\" class=\"menu-item menu-item-type-post_type menu-item-object-page menu-item-32064\"><a href=\"https:\/\/unpncnational.traitdense.com\/?page_id=32061\">Adhesion<\/a><\/li>\n<li id=\"menu-item-28281\" class=\"menu-item menu-item-type-post_type menu-item-object-page menu-item-28281\"><a href=\"https:\/\/unpncnational.traitdense.com\/?page_id=801\">Contact<\/a><\/li>\n<li id=\"menu-item-31835\" class=\"menu-item menu-item-type-post_type menu-item-object-page current_page_parent menu-item-31835\"><a href=\"https:\/\/unpncnational.traitdense.com\/?page_id=31708\">Articles<\/a><\/li>\n<li id=\"menu-item-32089\" class=\"menu-item menu-item-type-custom menu-item-object-custom menu-item-has-children menu-item-32089\"><a href=\"#\">Sections<\/a>\n<ul class=\"sub-menu\">\n\t<li id=\"menu-item-32083\" class=\"menu-item menu-item-type-post_type menu-item-object-page menu-item-32083\"><a href=\"https:\/\/unpncnational.traitdense.com\/?page_id=28460\">Air France<\/a><\/li>\n\t<li id=\"menu-item-32084\" class=\"menu-item menu-item-type-post_type menu-item-object-page menu-item-32084\"><a href=\"https:\/\/unpncnational.traitdense.com\/?page_id=28477\">ASL<\/a><\/li>\n\t<li id=\"menu-item-32085\" class=\"menu-item menu-item-type-post_type menu-item-object-page menu-item-32085\"><a href=\"https:\/\/unpncnational.traitdense.com\/?page_id=28478\">Corsair<\/a><\/li>\n\t<li id=\"menu-item-32086\" class=\"menu-item menu-item-type-post_type menu-item-object-page menu-item-32086\"><a href=\"https:\/\/unpncnational.traitdense.com\/?page_id=28498\">Easyjet<\/a><\/li>\n\t<li id=\"menu-item-32125\" class=\"menu-item menu-item-type-post_type menu-item-object-page menu-item-32125\"><a href=\"https:\/\/unpncnational.traitdense.com\/?page_id=32124\">FrenchBee<\/a><\/li>\n\t<li id=\"menu-item-32087\" class=\"menu-item menu-item-type-post_type menu-item-object-page menu-item-32087\"><a href=\"https:\/\/unpncnational.traitdense.com\/?page_id=30024\">Hop<\/a><\/li>\n\t<li id=\"menu-item-32088\" class=\"menu-item menu-item-type-post_type menu-item-object-page menu-item-32088\"><a href=\"https:\/\/unpncnational.traitdense.com\/?page_id=28466\">Transavia<\/a><\/li>\n<\/ul>\n<\/li>\n<li id=\"menu-item-30925\" class=\"menu-item menu-item-type-custom menu-item-object-custom menu-item-has-children menu-item-30925\"><a href=\"#\">Annexe<\/a>\n<ul class=\"sub-menu\">\n\t<li id=\"menu-item-30917\" class=\"menu-item menu-item-type-post_type menu-item-object-page menu-item-30917\"><a href=\"https:\/\/unpncnational.traitdense.com\/?page_id=30916\">Confidentialite<\/a><\/li>\n\t<li id=\"menu-item-30910\" class=\"menu-item menu-item-type-post_type menu-item-object-page menu-item-30910\"><a href=\"https:\/\/unpncnational.traitdense.com\/?page_id=30909\"><i class=\"icon before dashicons dashicons-admin-network\" aria-hidden=\"true\"><\/i><span class=\"menu-text\">Assistance App<\/span><\/a><\/li>\n<\/ul>\n<\/li>\n<\/ul>                <button class=\"eael-simple-menu-toggle\">\n                    <span class=\"sr-only \">Hamburger Toggle Menu<\/span>\n                    <svg aria-hidden=\"true\" class=\"e-font-icon-svg e-fas-bars\" viewBox=\"0 0 448 512\" xmlns=\"http:\/\/www.w3.org\/2000\/svg\"><path d=\"M16 132h416c8.837 0 16-7.163 16-16V76c0-8.837-7.163-16-16-16H16C7.163 60 0 67.163 0 76v40c0 8.837 7.163 16 16 16zm0 160h416c8.837 0 16-7.163 16-16v-40c0-8.837-7.163-16-16-16H16c-8.837 0-16 7.163-16 16v40c0 8.837 7.163 16 16 16zm0 160h416c8.837 0 16-7.163 16-16v-40c0-8.837-7.163-16-16-16H16c-8.837 0-16 7.163-16 16v40c0 8.837 7.163 16 16 16z\"><\/path><\/svg>                <\/button>\n            <\/div>\n            \t\t\t\t<\/div>\n\t\t\t\t<\/div>\n\t\t\t\t\t<\/div>\n\t\t\t\t<\/div>\n\t\t\t\t<section data-particle_enable=\"false\" data-particle-mobile-disabled=\"false\" class=\"elementor-section elementor-top-section elementor-element elementor-element-de79c29 elementor-section-full_width elementor-hidden-mobile_extra elementor-hidden-mobile elementor-section-height-default elementor-section-height-default\" data-id=\"de79c29\" data-element_type=\"section\" data-e-type=\"section\" data-settings=\"{&quot;background_background&quot;:&quot;classic&quot;}\">\n\t\t\t\t\t\t<div class=\"elementor-container elementor-column-gap-no\">\n\t\t\t\t\t<div class=\"elementor-column elementor-col-100 elementor-top-column elementor-element elementor-element-be4657b\" data-id=\"be4657b\" data-element_type=\"column\" data-e-type=\"column\">\n\t\t\t<div class=\"elementor-widget-wrap elementor-element-populated\">\n\t\t\t\t\t\t<div class=\"elementor-element elementor-element-15170d3 elementor-widget elementor-widget-spacer\" data-id=\"15170d3\" data-element_type=\"widget\" data-e-type=\"widget\" data-widget_type=\"spacer.default\">\n\t\t\t\t<div class=\"elementor-widget-container\">\n\t\t\t\t\t\t\t<div class=\"elementor-spacer\">\n\t\t\t<div class=\"elementor-spacer-inner\"><\/div>\n\t\t<\/div>\n\t\t\t\t\t\t<\/div>\n\t\t\t\t<\/div>\n\t\t\t\t\t<\/div>\n\t\t<\/div>\n\t\t\t\t\t<\/div>\n\t\t<\/section>\n\t\t\t\t<section data-particle_enable=\"false\" data-particle-mobile-disabled=\"false\" class=\"elementor-section elementor-top-section elementor-element elementor-element-957235c elementor-section-full_width elementor-hidden-desktop elementor-hidden-tablet elementor-section-height-default elementor-section-height-default\" data-id=\"957235c\" data-element_type=\"section\" data-e-type=\"section\" data-settings=\"{&quot;background_background&quot;:&quot;classic&quot;}\">\n\t\t\t\t\t\t<div class=\"elementor-container elementor-column-gap-no\">\n\t\t\t\t\t<div class=\"elementor-column elementor-col-100 elementor-top-column elementor-element elementor-element-b6a1fbd\" data-id=\"b6a1fbd\" data-element_type=\"column\" data-e-type=\"column\">\n\t\t\t<div class=\"elementor-widget-wrap elementor-element-populated\">\n\t\t\t\t\t\t<div class=\"elementor-element elementor-element-d9bcb73 elementor-absolute elementor-widget__width-initial elementor-widget elementor-widget-global elementor-global-30467 elementor-widget-image\" data-id=\"d9bcb73\" data-element_type=\"widget\" data-e-type=\"widget\" data-settings=\"{&quot;_position&quot;:&quot;absolute&quot;}\" data-widget_type=\"image.default\">\n\t\t\t\t<div class=\"elementor-widget-container\">\n\t\t\t\t\t\t\t\t\t\t\t\t\t\t\t<img decoding=\"async\" width=\"150\" height=\"150\" src=\"https:\/\/unpncnational.traitdense.com\/wp-content\/uploads\/2024\/02\/UNPNC-CREW-150x150.png\" class=\"attachment-thumbnail size-thumbnail wp-image-30892\" alt=\"\" srcset=\"https:\/\/unpncnational.traitdense.com\/wp-content\/uploads\/2024\/02\/UNPNC-CREW-150x150.png 150w, https:\/\/unpncnational.traitdense.com\/wp-content\/uploads\/2024\/02\/UNPNC-CREW-300x300.png 300w, https:\/\/unpncnational.traitdense.com\/wp-content\/uploads\/2024\/02\/UNPNC-CREW-500x500.png 500w, https:\/\/unpncnational.traitdense.com\/wp-content\/uploads\/2024\/02\/UNPNC-CREW.png 512w\" sizes=\"(max-width: 150px) 100vw, 150px\" \/>\t\t\t\t\t\t\t\t\t\t\t\t\t\t\t<\/div>\n\t\t\t\t<\/div>\n\t\t\t\t<div class=\"elementor-element elementor-element-bdab00b elementor-widget elementor-widget-spacer\" data-id=\"bdab00b\" data-element_type=\"widget\" data-e-type=\"widget\" data-widget_type=\"spacer.default\">\n\t\t\t\t<div class=\"elementor-widget-container\">\n\t\t\t\t\t\t\t<div class=\"elementor-spacer\">\n\t\t\t<div class=\"elementor-spacer-inner\"><\/div>\n\t\t<\/div>\n\t\t\t\t\t\t<\/div>\n\t\t\t\t<\/div>\n\t\t\t\t<div class=\"elementor-element elementor-element-5f52215 elementor-widget elementor-widget-spacer\" data-id=\"5f52215\" data-element_type=\"widget\" data-e-type=\"widget\" data-widget_type=\"spacer.default\">\n\t\t\t\t<div class=\"elementor-widget-container\">\n\t\t\t\t\t\t\t<div class=\"elementor-spacer\">\n\t\t\t<div class=\"elementor-spacer-inner\"><\/div>\n\t\t<\/div>\n\t\t\t\t\t\t<\/div>\n\t\t\t\t<\/div>\n\t\t\t\t\t<\/div>\n\t\t<\/div>\n\t\t\t\t\t<\/div>\n\t\t<\/section>\n\t\t<div data-particle_enable=\"false\" data-particle-mobile-disabled=\"false\" class=\"elementor-element elementor-element-c174f28 e-flex e-con-boxed e-con e-parent\" data-id=\"c174f28\" data-element_type=\"container\" data-e-type=\"container\" data-settings=\"{&quot;background_background&quot;:&quot;classic&quot;}\">\n\t\t\t\t\t<div class=\"e-con-inner\">\n\t\t\t\t<div class=\"elementor-element elementor-element-7827d22 elementor-widget elementor-widget-spacer\" data-id=\"7827d22\" data-element_type=\"widget\" data-e-type=\"widget\" data-widget_type=\"spacer.default\">\n\t\t\t\t<div class=\"elementor-widget-container\">\n\t\t\t\t\t\t\t<div class=\"elementor-spacer\">\n\t\t\t<div class=\"elementor-spacer-inner\"><\/div>\n\t\t<\/div>\n\t\t\t\t\t\t<\/div>\n\t\t\t\t<\/div>\n\t\t\t\t<div class=\"elementor-element elementor-element-db2f374 elementor-widget elementor-widget-heading\" data-id=\"db2f374\" data-element_type=\"widget\" data-e-type=\"widget\" data-widget_type=\"heading.default\">\n\t\t\t\t<div class=\"elementor-widget-container\">\n\t\t\t\t\t<h2 class=\"elementor-heading-title elementor-size-default\">Unpnc Corsair<\/h2>\t\t\t\t<\/div>\n\t\t\t\t<\/div>\n\t\t\t\t<div class=\"elementor-element elementor-element-b6a43bd elementor-widget elementor-widget-spacer\" data-id=\"b6a43bd\" data-element_type=\"widget\" data-e-type=\"widget\" data-widget_type=\"spacer.default\">\n\t\t\t\t<div class=\"elementor-widget-container\">\n\t\t\t\t\t\t\t<div class=\"elementor-spacer\">\n\t\t\t<div class=\"elementor-spacer-inner\"><\/div>\n\t\t<\/div>\n\t\t\t\t\t\t<\/div>\n\t\t\t\t<\/div>\n\t\t\t\t<div class=\"elementor-element elementor-element-ac7883e elementor-absolute elementor-hidden-mobile_extra elementor-hidden-mobile elementor-widget elementor-widget-global elementor-global-28962 elementor-widget-image\" data-id=\"ac7883e\" data-element_type=\"widget\" data-e-type=\"widget\" data-settings=\"{&quot;_position&quot;:&quot;absolute&quot;}\" data-widget_type=\"image.default\">\n\t\t\t\t<div class=\"elementor-widget-container\">\n\t\t\t\t\t\t\t\t\t\t\t\t\t\t\t<img decoding=\"async\" width=\"150\" height=\"150\" src=\"https:\/\/unpncnational.traitdense.com\/wp-content\/uploads\/2024\/02\/UNPNC-CREW-150x150.png\" class=\"attachment-thumbnail size-thumbnail wp-image-30892\" alt=\"\" srcset=\"https:\/\/unpncnational.traitdense.com\/wp-content\/uploads\/2024\/02\/UNPNC-CREW-150x150.png 150w, https:\/\/unpncnational.traitdense.com\/wp-content\/uploads\/2024\/02\/UNPNC-CREW-300x300.png 300w, https:\/\/unpncnational.traitdense.com\/wp-content\/uploads\/2024\/02\/UNPNC-CREW-500x500.png 500w, https:\/\/unpncnational.traitdense.com\/wp-content\/uploads\/2024\/02\/UNPNC-CREW.png 512w\" sizes=\"(max-width: 150px) 100vw, 150px\" \/>\t\t\t\t\t\t\t\t\t\t\t\t\t\t\t<\/div>\n\t\t\t\t<\/div>\n\t\t\t\t\t<\/div>\n\t\t\t\t<\/div>\n\t\t\t\t<section data-particle_enable=\"false\" data-particle-mobile-disabled=\"false\" class=\"elementor-section elementor-top-section elementor-element elementor-element-334c0357 elementor-section-boxed elementor-section-height-default elementor-section-height-default\" data-id=\"334c0357\" data-element_type=\"section\" data-e-type=\"section\" data-settings=\"{&quot;background_background&quot;:&quot;classic&quot;}\">\n\t\t\t\t\t\t<div class=\"elementor-container elementor-column-gap-no\">\n\t\t\t\t\t<div class=\"elementor-column elementor-col-100 elementor-top-column elementor-element elementor-element-72f044f8\" data-id=\"72f044f8\" data-element_type=\"column\" data-e-type=\"column\">\n\t\t\t<div class=\"elementor-widget-wrap elementor-element-populated\">\n\t\t\t\t\t\t<div class=\"elementor-element elementor-element-72dab6f elementor-widget elementor-widget-spacer\" data-id=\"72dab6f\" data-element_type=\"widget\" data-e-type=\"widget\" data-widget_type=\"spacer.default\">\n\t\t\t\t<div class=\"elementor-widget-container\">\n\t\t\t\t\t\t\t<div class=\"elementor-spacer\">\n\t\t\t<div class=\"elementor-spacer-inner\"><\/div>\n\t\t<\/div>\n\t\t\t\t\t\t<\/div>\n\t\t\t\t<\/div>\n\t\t\t\t<div class=\"elementor-element elementor-element-5366f38 elementor-widget elementor-widget-text-editor\" data-id=\"5366f38\" data-element_type=\"widget\" data-e-type=\"widget\" data-widget_type=\"text-editor.default\">\n\t\t\t\t<div class=\"elementor-widget-container\">\n\t\t\t\t\t\t\t\t\t<div><p>Au sein de la prestigieuse compagnie a\u00e9rienne Corsair, l&#8217;Union Nationale des Personnels Navigants Commerciaux (UNPNC) incarne le phare guidant les h\u00f4tesses et les stewards \u00e0 travers les vagues parfois tumultueuses du secteur a\u00e9rien. Repr\u00e9sentant avec ferveur et d\u00e9vouement ces professionnels du ciel, l&#8217;UNPNC se distingue par son engagement sans faille \u00e0 promouvoir un cadre de travail o\u00f9 respect, \u00e9quit\u00e9 et s\u00e9curit\u00e9 sont les piliers fondamentaux.<\/p><\/div><div><p>L&#8217;UNPNC chez Corsair, c&#8217;est avant tout une voix puissante et respect\u00e9e, qui r\u00e9sonne dans les couloirs de la compagnie pour faire valoir les droits et aspirations de ses membres. En agissant comme un interlocuteur privil\u00e9gi\u00e9 entre le personnel navigant commercial et la direction, le syndicat s&#8217;assure que le dialogue reste ouvert, constructif et empreint de la volont\u00e9 commune d&#8217;avancer vers l&#8217;excellence.<\/p><\/div><div><p>La s\u00e9curit\u00e9 et le bien-\u00eatre des \u00e9quipages occupent le c\u0153ur des pr\u00e9occupations de l&#8217;UNPNC. Avec une attention minutieuse port\u00e9e aux conditions de travail, le syndicat veille \u00e0 ce que Corsair d\u00e9passe les standards de s\u00e9curit\u00e9, offrant ainsi un environnement o\u00f9 chacun peut exercer sa profession avec confiance et s\u00e9r\u00e9nit\u00e9. De la formation continue \u00e0 l&#8217;optimisation des protocoles de s\u00e9curit\u00e9, l&#8217;UNPNC joue un r\u00f4le cl\u00e9 dans l&#8217;\u00e9tablissement d&#8217;une culture de la pr\u00e9vention et du respect mutuel.<\/p><\/div><div><p>Dans l&#8217;ar\u00e8ne complexe du droit du travail et des r\u00e9glementations a\u00e9riennes, l&#8217;UNPNC se dresse comme un bastion d&#8217;expertise et de soutien pour ses membres. Par ses actions d&#8217;information et de sensibilisation, le syndicat garantit que les h\u00f4tesses et les stewards de Corsair sont non seulement au fait des derni\u00e8res \u00e9volutions l\u00e9gislatives mais aussi arm\u00e9s pour d\u00e9fendre leurs droits avec vigueur et intelligence.<\/p><\/div><div><p>Face aux d\u00e9fis contemporains \u2013 qu&#8217;il s&#8217;agisse de fluctuations \u00e9conomiques, de transitions \u00e9cologiques ou de transformations num\u00e9riques \u2013 l&#8217;UNPNC chez Corsair affirme sa capacit\u00e9 \u00e0 s&#8217;adapter, \u00e0 innover et \u00e0 repr\u00e9senter ses membres avec une d\u00e9termination in\u00e9branlable. En n\u00e9gociant des accords qui prot\u00e8gent les int\u00e9r\u00eats et les carri\u00e8res de ses adh\u00e9rents, le syndicat assure une stabilit\u00e9 et une s\u00e9curit\u00e9 professionnelles dans un secteur en perp\u00e9tuelle \u00e9volution.<\/p><\/div><div><p>En d\u00e9finitive, promouvoir l&#8217;UNPNC au sein de Corsair, c&#8217;est c\u00e9l\u00e9brer un partenariat dynamique et respectueux entre le personnel navigant et la compagnie, o\u00f9 le dialogue et la collaboration m\u00e8nent \u00e0 la prosp\u00e9rit\u00e9 partag\u00e9e. C&#8217;est reconna\u00eetre le r\u00f4le indispensable que jouent ces professionnels d\u00e9vou\u00e9s dans le succ\u00e8s de Corsair, tout en affirmant l&#8217;importance vitale d&#8217;un environnement de travail o\u00f9 chaque voix est entendue, chaque contribution valoris\u00e9e, et chaque vol rendu plus s\u00fbr et plus agr\u00e9able gr\u00e2ce \u00e0 leur expertise et leur passion.<\/p><\/div>\t\t\t\t\t\t\t\t<\/div>\n\t\t\t\t<\/div>\n\t\t\t\t\t<\/div>\n\t\t<\/div>\n\t\t\t\t\t<\/div>\n\t\t<\/section>\n\t\t\t\t<\/div>\n\t\t","protected":false},"excerpt":{"rendered":"<p>Accueil Articles Reportages Adhesion Contact Sections Section Air France Section ASL Section Corsair Section Easyjet Section Hop Section Transavia Annexe Confidentialite Assistance App Humberger Toggle Menu Unpnc Corsair Au sein de la prestigieuse compagnie a\u00e9rienne Corsair, l&#8217;Union Nationale des Personnels Navigants Commerciaux (UNPNC) incarne le phare guidant les h\u00f4tesses et les stewards \u00e0 travers les [&hellip;]<\/p>\n","protected":false},"author":1,"featured_media":0,"parent":0,"menu_order":0,"comment_status":"closed","ping_status":"closed","template":"","meta":{"ocean_post_layout":"","ocean_both_sidebars_style":"","ocean_both_sidebars_content_width":0,"ocean_both_sidebars_sidebars_width":0,"ocean_sidebar":"","ocean_second_sidebar":"","ocean_disable_margins":"enable","ocean_add_body_class":"","ocean_shortcode_before_top_bar":"","ocean_shortcode_after_top_bar":"","ocean_shortcode_before_header":"","ocean_shortcode_after_header":"","ocean_has_shortcode":"","ocean_shortcode_after_title":"","ocean_shortcode_before_footer_widgets":"","ocean_shortcode_after_footer_widgets":"","ocean_shortcode_before_footer_bottom":"","ocean_shortcode_after_footer_bottom":"","ocean_display_top_bar":"default","ocean_display_header":"default","ocean_header_style":"","ocean_center_header_left_menu":"","ocean_custom_header_template":"","ocean_custom_logo":0,"ocean_custom_retina_logo":0,"ocean_custom_logo_max_width":0,"ocean_custom_logo_tablet_max_width":0,"ocean_custom_logo_mobile_max_width":0,"ocean_custom_logo_max_height":0,"ocean_custom_logo_tablet_max_height":0,"ocean_custom_logo_mobile_max_height":0,"ocean_header_custom_menu":"","ocean_menu_typo_font_family":"","ocean_menu_typo_font_subset":"","ocean_menu_typo_font_size":0,"ocean_menu_typo_font_size_tablet":0,"ocean_menu_typo_font_size_mobile":0,"ocean_menu_typo_font_size_unit":"px","ocean_menu_typo_font_weight":"","ocean_menu_typo_font_weight_tablet":"","ocean_menu_typo_font_weight_mobile":"","ocean_menu_typo_transform":"","ocean_menu_typo_transform_tablet":"","ocean_menu_typo_transform_mobile":"","ocean_menu_typo_line_height":0,"ocean_menu_typo_line_height_tablet":0,"ocean_menu_typo_line_height_mobile":0,"ocean_menu_typo_line_height_unit":"","ocean_menu_typo_spacing":0,"ocean_menu_typo_spacing_tablet":0,"ocean_menu_typo_spacing_mobile":0,"ocean_menu_typo_spacing_unit":"","ocean_menu_link_color":"","ocean_menu_link_color_hover":"","ocean_menu_link_color_active":"","ocean_menu_link_background":"","ocean_menu_link_hover_background":"","ocean_menu_link_active_background":"","ocean_menu_social_links_bg":"","ocean_menu_social_hover_links_bg":"","ocean_menu_social_links_color":"","ocean_menu_social_hover_links_color":"","ocean_disable_title":"default","ocean_disable_heading":"default","ocean_post_title":"","ocean_post_subheading":"","ocean_post_title_style":"","ocean_post_title_background_color":"","ocean_post_title_background":0,"ocean_post_title_bg_image_position":"","ocean_post_title_bg_image_attachment":"","ocean_post_title_bg_image_repeat":"","ocean_post_title_bg_image_size":"","ocean_post_title_height":0,"ocean_post_title_bg_overlay":0.5,"ocean_post_title_bg_overlay_color":"","ocean_disable_breadcrumbs":"default","ocean_breadcrumbs_color":"","ocean_breadcrumbs_separator_color":"","ocean_breadcrumbs_links_color":"","ocean_breadcrumbs_links_hover_color":"","ocean_display_footer_widgets":"default","ocean_display_footer_bottom":"default","ocean_custom_footer_template":"","footnotes":""},"class_list":["post-28478","page","type-page","status-publish","hentry","entry"],"_links":{"self":[{"href":"https:\/\/unpncnational.traitdense.com\/index.php?rest_route=\/wp\/v2\/pages\/28478","targetHints":{"allow":["GET"]}}],"collection":[{"href":"https:\/\/unpncnational.traitdense.com\/index.php?rest_route=\/wp\/v2\/pages"}],"about":[{"href":"https:\/\/unpncnational.traitdense.com\/index.php?rest_route=\/wp\/v2\/types\/page"}],"author":[{"embeddable":true,"href":"https:\/\/unpncnational.traitdense.com\/index.php?rest_route=\/wp\/v2\/users\/1"}],"replies":[{"embeddable":true,"href":"https:\/\/unpncnational.traitdense.com\/index.php?rest_route=%2Fwp%2Fv2%2Fcomments&post=28478"}],"version-history":[{"count":3,"href":"https:\/\/unpncnational.traitdense.com\/index.php?rest_route=\/wp\/v2\/pages\/28478\/revisions"}],"predecessor-version":[{"id":32107,"href":"https:\/\/unpncnational.traitdense.com\/index.php?rest_route=\/wp\/v2\/pages\/28478\/revisions\/32107"}],"wp:attachment":[{"href":"https:\/\/unpncnational.traitdense.com\/index.php?rest_route=%2Fwp%2Fv2%2Fmedia&parent=28478"}],"curies":[{"name":"wp","href":"https:\/\/api.w.org\/{rel}","templated":true}]}}