{"id":28460,"date":"2024-01-29T16:35:01","date_gmt":"2024-01-29T16:35:01","guid":{"rendered":"https:\/\/unpnc.com\/?page_id=28460"},"modified":"2024-09-02T16:52:06","modified_gmt":"2024-09-02T16:52:06","slug":"section-air-france","status":"publish","type":"page","link":"https:\/\/unpncnational.traitdense.com\/?page_id=28460","title":{"rendered":"Section Air France"},"content":{"rendered":"\t\t<div data-elementor-type=\"wp-page\" data-elementor-id=\"28460\" class=\"elementor elementor-28460\" data-elementor-post-type=\"page\">\n\t\t\t\t<div data-particle_enable=\"false\" data-particle-mobile-disabled=\"false\" class=\"elementor-element elementor-element-20d484e7 e-flex e-con-boxed e-con e-parent\" data-id=\"20d484e7\" data-element_type=\"container\" data-e-type=\"container\" data-settings=\"{&quot;sticky&quot;:&quot;top&quot;,&quot;background_background&quot;:&quot;classic&quot;,&quot;sticky_on&quot;:[&quot;desktop&quot;,&quot;tablet&quot;,&quot;mobile_extra&quot;,&quot;mobile&quot;],&quot;sticky_offset&quot;:0,&quot;sticky_effects_offset&quot;:0,&quot;sticky_anchor_link_offset&quot;:0}\">\n\t\t\t\t\t<div class=\"e-con-inner\">\n\t\t\t\t<div class=\"elementor-element elementor-element-7ede359 eael_simple_menu_hamburger_disable_selected_menu_no eael-simple-menu-hamburger-align-right eael-hamburger--tablet elementor-widget elementor-widget-global elementor-global-30139 elementor-widget-eael-simple-menu\" data-id=\"7ede359\" data-element_type=\"widget\" data-e-type=\"widget\" data-widget_type=\"eael-simple-menu.default\">\n\t\t\t\t<div class=\"elementor-widget-container\">\n\t\t\t\t\t<style>\n                        @media screen and (max-width: 959px) {\n                            .eael-hamburger--tablet {\n                                .eael-simple-menu-horizontal,\n                                .eael-simple-menu-vertical {\n                                    display: none;\n                                }\n                            }\n                            .eael-hamburger--tablet {\n                                .eael-simple-menu-container .eael-simple-menu-toggle {\n                                    display: block;\n                                }\n                            }\n                        }\n                        .eael-simple-menu-container.eael-simple-menu--loading > ul {\n                            display: -webkit-box !important;\n                            display: -ms-flexbox !important;\n                            display: flex !important;\n                            list-style: none !important;\n                        }\n                        .eael-simple-menu-container.eael-simple-menu--loading li ul {\n                            visibility: hidden !important;\n                            opacity: 0 !important;\n                        }\n                    <\/style>            <div data-hamburger-icon=\"&lt;svg aria-hidden=&quot;true&quot; class=&quot;e-font-icon-svg e-fas-bars&quot; viewBox=&quot;0 0 448 512&quot; xmlns=&quot;http:\/\/www.w3.org\/2000\/svg&quot;&gt;&lt;path d=&quot;M16 132h416c8.837 0 16-7.163 16-16V76c0-8.837-7.163-16-16-16H16C7.163 60 0 67.163 0 76v40c0 8.837 7.163 16 16 16zm0 160h416c8.837 0 16-7.163 16-16v-40c0-8.837-7.163-16-16-16H16c-8.837 0-16 7.163-16 16v40c0 8.837 7.163 16 16 16zm0 160h416c8.837 0 16-7.163 16-16v-40c0-8.837-7.163-16-16-16H16c-8.837 0-16 7.163-16 16v40c0 8.837 7.163 16 16 16z&quot;&gt;&lt;\/path&gt;&lt;\/svg&gt;\" data-indicator-icon=\"&lt;svg aria-hidden=&quot;true&quot; class=&quot;e-font-icon-svg e-fas-angle-down&quot; viewBox=&quot;0 0 320 512&quot; xmlns=&quot;http:\/\/www.w3.org\/2000\/svg&quot;&gt;&lt;path d=&quot;M143 352.3L7 216.3c-9.4-9.4-9.4-24.6 0-33.9l22.6-22.6c9.4-9.4 24.6-9.4 33.9 0l96.4 96.4 96.4-96.4c9.4-9.4 24.6-9.4 33.9 0l22.6 22.6c9.4 9.4 9.4 24.6 0 33.9l-136 136c-9.2 9.4-24.4 9.4-33.8 0z&quot;&gt;&lt;\/path&gt;&lt;\/svg&gt;\" data-dropdown-indicator-icon=\"&lt;svg class=&quot;e-font-icon-svg e-fas-angle-down&quot; viewBox=&quot;0 0 320 512&quot; xmlns=&quot;http:\/\/www.w3.org\/2000\/svg&quot;&gt;&lt;path d=&quot;M143 352.3L7 216.3c-9.4-9.4-9.4-24.6 0-33.9l22.6-22.6c9.4-9.4 24.6-9.4 33.9 0l96.4 96.4 96.4-96.4c9.4-9.4 24.6-9.4 33.9 0l22.6 22.6c9.4 9.4 9.4 24.6 0 33.9l-136 136c-9.2 9.4-24.4 9.4-33.8 0z&quot;&gt;&lt;\/path&gt;&lt;\/svg&gt;\" class=\"eael-simple-menu-container eael-simple-menu--loading eael-simple-menu-align-right eael-simple-menu-dropdown-align-left preset-3\" data-hamburger-breakpoints=\"{&quot;mobile&quot;:&quot;Portrait mobile (&gt; 479px)&quot;,&quot;mobile_extra&quot;:&quot;Mobile Paysage (&gt; 900px)&quot;,&quot;tablet&quot;:&quot;Tablette en mode portrait (&gt; 959px)&quot;,&quot;desktop&quot;:&quot;Desktop (&gt; 2400px)&quot;,&quot;none&quot;:&quot;None&quot;}\" data-hamburger-device=\"tablet\">\n                <ul id=\"menu-unpnc\" class=\"eael-simple-menu eael-simple-menu-dropdown-animate-to-top eael-simple-menu-indicator eael-simple-menu-horizontal\"><li id=\"menu-item-31820\" class=\"menu-item menu-item-type-post_type menu-item-object-page menu-item-home menu-item-31820\"><a href=\"https:\/\/unpncnational.traitdense.com\/\">Accueil<\/a><\/li>\n<li id=\"menu-item-32064\" class=\"menu-item menu-item-type-post_type menu-item-object-page menu-item-32064\"><a href=\"https:\/\/unpncnational.traitdense.com\/?page_id=32061\">Adhesion<\/a><\/li>\n<li id=\"menu-item-28281\" class=\"menu-item menu-item-type-post_type menu-item-object-page menu-item-28281\"><a href=\"https:\/\/unpncnational.traitdense.com\/?page_id=801\">Contact<\/a><\/li>\n<li id=\"menu-item-31835\" class=\"menu-item menu-item-type-post_type menu-item-object-page current_page_parent menu-item-31835\"><a href=\"https:\/\/unpncnational.traitdense.com\/?page_id=31708\">Articles<\/a><\/li>\n<li id=\"menu-item-32089\" class=\"menu-item menu-item-type-custom menu-item-object-custom menu-item-has-children menu-item-32089\"><a href=\"#\">Sections<\/a>\n<ul class=\"sub-menu\">\n\t<li id=\"menu-item-32083\" class=\"menu-item menu-item-type-post_type menu-item-object-page menu-item-32083\"><a href=\"https:\/\/unpncnational.traitdense.com\/?page_id=28460\">Air France<\/a><\/li>\n\t<li id=\"menu-item-32084\" class=\"menu-item menu-item-type-post_type menu-item-object-page menu-item-32084\"><a href=\"https:\/\/unpncnational.traitdense.com\/?page_id=28477\">ASL<\/a><\/li>\n\t<li id=\"menu-item-32085\" class=\"menu-item menu-item-type-post_type menu-item-object-page menu-item-32085\"><a href=\"https:\/\/unpncnational.traitdense.com\/?page_id=28478\">Corsair<\/a><\/li>\n\t<li id=\"menu-item-32086\" class=\"menu-item menu-item-type-post_type menu-item-object-page menu-item-32086\"><a href=\"https:\/\/unpncnational.traitdense.com\/?page_id=28498\">Easyjet<\/a><\/li>\n\t<li id=\"menu-item-32125\" class=\"menu-item menu-item-type-post_type menu-item-object-page menu-item-32125\"><a href=\"https:\/\/unpncnational.traitdense.com\/?page_id=32124\">FrenchBee<\/a><\/li>\n\t<li id=\"menu-item-32087\" class=\"menu-item menu-item-type-post_type menu-item-object-page menu-item-32087\"><a href=\"https:\/\/unpncnational.traitdense.com\/?page_id=30024\">Hop<\/a><\/li>\n\t<li id=\"menu-item-32088\" class=\"menu-item menu-item-type-post_type menu-item-object-page menu-item-32088\"><a href=\"https:\/\/unpncnational.traitdense.com\/?page_id=28466\">Transavia<\/a><\/li>\n<\/ul>\n<\/li>\n<li id=\"menu-item-30925\" class=\"menu-item menu-item-type-custom menu-item-object-custom menu-item-has-children menu-item-30925\"><a href=\"#\">Annexe<\/a>\n<ul class=\"sub-menu\">\n\t<li id=\"menu-item-30917\" class=\"menu-item menu-item-type-post_type menu-item-object-page menu-item-30917\"><a href=\"https:\/\/unpncnational.traitdense.com\/?page_id=30916\">Confidentialite<\/a><\/li>\n\t<li id=\"menu-item-30910\" class=\"menu-item menu-item-type-post_type menu-item-object-page menu-item-30910\"><a href=\"https:\/\/unpncnational.traitdense.com\/?page_id=30909\"><i class=\"icon before dashicons dashicons-admin-network\" aria-hidden=\"true\"><\/i><span class=\"menu-text\">Assistance App<\/span><\/a><\/li>\n<\/ul>\n<\/li>\n<\/ul>                <button class=\"eael-simple-menu-toggle\">\n                    <span class=\"sr-only \">Hamburger Toggle Menu<\/span>\n                    <svg aria-hidden=\"true\" class=\"e-font-icon-svg e-fas-bars\" viewBox=\"0 0 448 512\" xmlns=\"http:\/\/www.w3.org\/2000\/svg\"><path d=\"M16 132h416c8.837 0 16-7.163 16-16V76c0-8.837-7.163-16-16-16H16C7.163 60 0 67.163 0 76v40c0 8.837 7.163 16 16 16zm0 160h416c8.837 0 16-7.163 16-16v-40c0-8.837-7.163-16-16-16H16c-8.837 0-16 7.163-16 16v40c0 8.837 7.163 16 16 16zm0 160h416c8.837 0 16-7.163 16-16v-40c0-8.837-7.163-16-16-16H16c-8.837 0-16 7.163-16 16v40c0 8.837 7.163 16 16 16z\"><\/path><\/svg>                <\/button>\n            <\/div>\n            \t\t\t\t<\/div>\n\t\t\t\t<\/div>\n\t\t\t\t\t<\/div>\n\t\t\t\t<\/div>\n\t\t\t\t<section data-particle_enable=\"false\" data-particle-mobile-disabled=\"false\" class=\"elementor-section elementor-top-section elementor-element elementor-element-de79c29 elementor-section-full_width elementor-hidden-mobile_extra elementor-hidden-mobile elementor-section-height-default elementor-section-height-default\" data-id=\"de79c29\" data-element_type=\"section\" data-e-type=\"section\" data-settings=\"{&quot;background_background&quot;:&quot;classic&quot;}\">\n\t\t\t\t\t\t<div class=\"elementor-container elementor-column-gap-no\">\n\t\t\t\t\t<div class=\"elementor-column elementor-col-100 elementor-top-column elementor-element elementor-element-be4657b\" data-id=\"be4657b\" data-element_type=\"column\" data-e-type=\"column\">\n\t\t\t<div class=\"elementor-widget-wrap elementor-element-populated\">\n\t\t\t\t\t\t<div class=\"elementor-element elementor-element-bb0e460 elementor-widget elementor-widget-spacer\" data-id=\"bb0e460\" data-element_type=\"widget\" data-e-type=\"widget\" data-widget_type=\"spacer.default\">\n\t\t\t\t<div class=\"elementor-widget-container\">\n\t\t\t\t\t\t\t<div class=\"elementor-spacer\">\n\t\t\t<div class=\"elementor-spacer-inner\"><\/div>\n\t\t<\/div>\n\t\t\t\t\t\t<\/div>\n\t\t\t\t<\/div>\n\t\t\t\t\t<\/div>\n\t\t<\/div>\n\t\t\t\t\t<\/div>\n\t\t<\/section>\n\t\t\t\t<section data-particle_enable=\"false\" data-particle-mobile-disabled=\"false\" class=\"elementor-section elementor-top-section elementor-element elementor-element-9a02c18 elementor-section-full_width elementor-hidden-desktop elementor-hidden-tablet elementor-section-height-default elementor-section-height-default\" data-id=\"9a02c18\" data-element_type=\"section\" data-e-type=\"section\" data-settings=\"{&quot;background_background&quot;:&quot;classic&quot;}\">\n\t\t\t\t\t\t<div class=\"elementor-container elementor-column-gap-no\">\n\t\t\t\t\t<div class=\"elementor-column elementor-col-100 elementor-top-column elementor-element elementor-element-b694505\" data-id=\"b694505\" data-element_type=\"column\" data-e-type=\"column\">\n\t\t\t<div class=\"elementor-widget-wrap elementor-element-populated\">\n\t\t\t\t\t\t<div class=\"elementor-element elementor-element-5a06f5f elementor-absolute elementor-widget__width-initial elementor-widget elementor-widget-global elementor-global-30467 elementor-widget-image\" data-id=\"5a06f5f\" data-element_type=\"widget\" data-e-type=\"widget\" data-settings=\"{&quot;_position&quot;:&quot;absolute&quot;}\" data-widget_type=\"image.default\">\n\t\t\t\t<div class=\"elementor-widget-container\">\n\t\t\t\t\t\t\t\t\t\t\t\t\t\t\t<img decoding=\"async\" width=\"150\" height=\"150\" src=\"https:\/\/unpncnational.traitdense.com\/wp-content\/uploads\/2024\/02\/UNPNC-CREW-150x150.png\" class=\"attachment-thumbnail size-thumbnail wp-image-30892\" alt=\"\" srcset=\"https:\/\/unpncnational.traitdense.com\/wp-content\/uploads\/2024\/02\/UNPNC-CREW-150x150.png 150w, https:\/\/unpncnational.traitdense.com\/wp-content\/uploads\/2024\/02\/UNPNC-CREW-300x300.png 300w, https:\/\/unpncnational.traitdense.com\/wp-content\/uploads\/2024\/02\/UNPNC-CREW-500x500.png 500w, https:\/\/unpncnational.traitdense.com\/wp-content\/uploads\/2024\/02\/UNPNC-CREW.png 512w\" sizes=\"(max-width: 150px) 100vw, 150px\" \/>\t\t\t\t\t\t\t\t\t\t\t\t\t\t\t<\/div>\n\t\t\t\t<\/div>\n\t\t\t\t<div class=\"elementor-element elementor-element-3f9e447 elementor-widget elementor-widget-spacer\" data-id=\"3f9e447\" data-element_type=\"widget\" data-e-type=\"widget\" data-widget_type=\"spacer.default\">\n\t\t\t\t<div class=\"elementor-widget-container\">\n\t\t\t\t\t\t\t<div class=\"elementor-spacer\">\n\t\t\t<div class=\"elementor-spacer-inner\"><\/div>\n\t\t<\/div>\n\t\t\t\t\t\t<\/div>\n\t\t\t\t<\/div>\n\t\t\t\t\t<\/div>\n\t\t<\/div>\n\t\t\t\t\t<\/div>\n\t\t<\/section>\n\t\t<div data-particle_enable=\"false\" data-particle-mobile-disabled=\"false\" class=\"elementor-element elementor-element-ff5141a e-flex e-con-boxed e-con e-parent\" data-id=\"ff5141a\" data-element_type=\"container\" data-e-type=\"container\" data-settings=\"{&quot;background_background&quot;:&quot;classic&quot;}\">\n\t\t\t\t\t<div class=\"e-con-inner\">\n\t\t\t\t<div class=\"elementor-element elementor-element-12b67aa elementor-widget elementor-widget-spacer\" data-id=\"12b67aa\" data-element_type=\"widget\" data-e-type=\"widget\" data-widget_type=\"spacer.default\">\n\t\t\t\t<div class=\"elementor-widget-container\">\n\t\t\t\t\t\t\t<div class=\"elementor-spacer\">\n\t\t\t<div class=\"elementor-spacer-inner\"><\/div>\n\t\t<\/div>\n\t\t\t\t\t\t<\/div>\n\t\t\t\t<\/div>\n\t\t\t\t<div class=\"elementor-element elementor-element-0fd45b1 elementor-absolute elementor-hidden-mobile_extra elementor-hidden-mobile elementor-widget elementor-widget-global elementor-global-28962 elementor-widget-image\" data-id=\"0fd45b1\" data-element_type=\"widget\" data-e-type=\"widget\" data-settings=\"{&quot;_position&quot;:&quot;absolute&quot;}\" data-widget_type=\"image.default\">\n\t\t\t\t<div class=\"elementor-widget-container\">\n\t\t\t\t\t\t\t\t\t\t\t\t\t\t\t<img decoding=\"async\" width=\"150\" height=\"150\" src=\"https:\/\/unpncnational.traitdense.com\/wp-content\/uploads\/2024\/02\/UNPNC-CREW-150x150.png\" class=\"attachment-thumbnail size-thumbnail wp-image-30892\" alt=\"\" srcset=\"https:\/\/unpncnational.traitdense.com\/wp-content\/uploads\/2024\/02\/UNPNC-CREW-150x150.png 150w, https:\/\/unpncnational.traitdense.com\/wp-content\/uploads\/2024\/02\/UNPNC-CREW-300x300.png 300w, https:\/\/unpncnational.traitdense.com\/wp-content\/uploads\/2024\/02\/UNPNC-CREW-500x500.png 500w, https:\/\/unpncnational.traitdense.com\/wp-content\/uploads\/2024\/02\/UNPNC-CREW.png 512w\" sizes=\"(max-width: 150px) 100vw, 150px\" \/>\t\t\t\t\t\t\t\t\t\t\t\t\t\t\t<\/div>\n\t\t\t\t<\/div>\n\t\t\t\t<div class=\"elementor-element elementor-element-47db50d elementor-widget elementor-widget-heading\" data-id=\"47db50d\" data-element_type=\"widget\" data-e-type=\"widget\" data-widget_type=\"heading.default\">\n\t\t\t\t<div class=\"elementor-widget-container\">\n\t\t\t\t\t<h2 class=\"elementor-heading-title elementor-size-default\">Unpnc Air France<\/h2>\t\t\t\t<\/div>\n\t\t\t\t<\/div>\n\t\t\t\t\t<\/div>\n\t\t\t\t<\/div>\n\t\t<div data-particle_enable=\"false\" data-particle-mobile-disabled=\"false\" class=\"elementor-element elementor-element-06217ba e-flex e-con-boxed e-con e-parent\" data-id=\"06217ba\" data-element_type=\"container\" data-e-type=\"container\" data-settings=\"{&quot;background_background&quot;:&quot;classic&quot;}\">\n\t\t\t\t\t<div class=\"e-con-inner\">\n\t\t\t\t<div class=\"elementor-element elementor-element-9d7beb1 elementor-widget elementor-widget-spacer\" data-id=\"9d7beb1\" data-element_type=\"widget\" data-e-type=\"widget\" data-widget_type=\"spacer.default\">\n\t\t\t\t<div class=\"elementor-widget-container\">\n\t\t\t\t\t\t\t<div class=\"elementor-spacer\">\n\t\t\t<div class=\"elementor-spacer-inner\"><\/div>\n\t\t<\/div>\n\t\t\t\t\t\t<\/div>\n\t\t\t\t<\/div>\n\t\t\t\t<div class=\"elementor-element elementor-element-37cffe2 elementor-widget elementor-widget-text-editor\" data-id=\"37cffe2\" data-element_type=\"widget\" data-e-type=\"widget\" data-widget_type=\"text-editor.default\">\n\t\t\t\t<div class=\"elementor-widget-container\">\n\t\t\t\t\t\t\t\t\t<p style=\"font-weight: 400;\">Dans le vaste ciel de l&#8217;aviation, o\u00f9 les d\u00e9fis se dressent aussi haut que les nuages, l&#8217;Union Nationale des Personnels Navigants Commerciaux (UNPNC) d&#8217;Air France se pr\u00e9sente comme une v\u00e9ritable force de coh\u00e9sion, de dialogue et d&#8217;innovation. Repr\u00e9sentant avec ferveur et professionnalisme les h\u00f4tesses de l&#8217;air et les stewards, ce syndicat incarne l&#8217;esprit de collaboration et le d\u00e9vouement qui font d&#8217;Air France non seulement un leader du transport a\u00e9rien mais aussi un exemple de l&#8217;excellence fran\u00e7aise dans le monde.<\/p><p style=\"font-weight: 400;\"><strong>Un pilier du dialogue social et professionnel<\/strong><\/p><p style=\"font-weight: 400;\">Au c\u0153ur de l&#8217;action de l&#8217;UNPNC, le dialogue social occupe une place pr\u00e9pond\u00e9rante. Par son engagement constant dans les \u00e9changes avec la direction d&#8217;Air France, le syndicat assure une repr\u00e9sentation efficace des int\u00e9r\u00eats de ses membres, abordant des sujets aussi vari\u00e9s que cruciaux pour le bien-\u00eatre des personnels et le succ\u00e8s de la compagnie. Ces discussions vont au-del\u00e0 des simples conditions de travail ou des r\u00e9mun\u00e9rations ; elles touchent \u00e0 l&#8217;essence m\u00eame du m\u00e9tier, \u00e0 la passion qui anime chaque membre d&#8217;\u00e9quipage et \u00e0 leur volont\u00e9 de contribuer \u00e0 la renomm\u00e9e internationale d&#8217;Air France.<\/p><p style=\"font-weight: 400;\"><strong>La s\u00e9curit\u00e9 et le bien-\u00eatre, une qu\u00eate incessante<\/strong><\/p><p style=\"font-weight: 400;\">Dans un secteur o\u00f9 la moindre n\u00e9gligence peut avoir des cons\u00e9quences graves, l&#8217;UNPNC met un accent particulier sur la s\u00e9curit\u00e9 et le bien-\u00eatre des \u00e9quipages. Travaillant main dans la main avec Air France, le syndicat participe activement \u00e0 l&#8217;\u00e9laboration de protocoles de s\u00e9curit\u00e9 rigoureux et \u00e0 la mise en place de mesures pr\u00e9ventives pour garantir un environnement de travail s\u00fbr. Cette collaboration se traduit \u00e9galement par des initiatives visant \u00e0 am\u00e9liorer le quotidien des personnels navigants, que ce soit \u00e0 travers des programmes de sant\u00e9 et de bien-\u00eatre, des am\u00e9nagements des temps de repos ou la mise \u00e0 disposition de ressources pour le soutien psychologique.<\/p><p style=\"font-weight: 400;\"><strong>Un moteur d&#8217;innovation et de d\u00e9veloppement durable<\/strong><\/p><p style=\"font-weight: 400;\">Conscient des enjeux contemporains, notamment la transition \u00e9cologique et l&#8217;adaptation aux nouvelles technologies, l&#8217;UNPNC se positionne comme un moteur d&#8217;innovation au sein d&#8217;Air France. Le syndicat encourage la compagnie \u00e0 poursuivre ses efforts en mati\u00e8re de d\u00e9veloppement durable, \u00e0 r\u00e9duire son empreinte carbone et \u00e0 int\u00e9grer les avanc\u00e9es technologiques pour optimiser les op\u00e9rations et am\u00e9liorer l&#8217;exp\u00e9rience client. Cette d\u00e9marche vers un avenir plus vert et connect\u00e9 est essentielle pour r\u00e9pondre aux attentes des passagers et pour assurer la comp\u00e9titivit\u00e9 de la compagnie sur le march\u00e9 international.<\/p><p style=\"font-weight: 400;\"><strong>Une source de formation et d&#8217;\u00e9volution professionnelle<\/strong><\/p><p style=\"font-weight: 400;\">L&#8217;UNPNC joue \u00e9galement un r\u00f4le crucial dans la formation continue et l&#8217;\u00e9volution professionnelle des personnels navigants. En veillant \u00e0 ce que ses membres aient acc\u00e8s aux derni\u00e8res connaissances et comp\u00e9tences requises, le syndicat contribue directement \u00e0 l&#8217;excellence op\u00e9rationnelle d&#8217;Air France. Des programmes de formation sur mesure sont d\u00e9velopp\u00e9s pour r\u00e9pondre aux besoins sp\u00e9cifiques des \u00e9quipages, allant de la ma\u00eetrise des nouvelles technologies \u00e0 la sensibilisation aux enjeux culturels et environnementaux, en passant par le perfectionnement des comp\u00e9tences en service client.<\/p><p style=\"font-weight: 400;\"><strong>Une vision partag\u00e9e pour l&#8217;excellence<\/strong><\/p><p style=\"font-weight: 400;\">L&#8217;UNPNC et Air France partagent une vision commune : celle d&#8217;une compagnie a\u00e9rienne o\u00f9 l&#8217;excellence du service, le respect des \u00e9quipages et l&#8217;innovation sont les piliers d&#8217;une r\u00e9ussite partag\u00e9e. Cette collaboration entre le syndicat et la direction permet de construire un environnement de travail o\u00f9 chaque membre de l&#8217;\u00e9quipage peut s&#8217;\u00e9panouir professionnellement, contribuant ainsi \u00e0 faire de chaque vol une exp\u00e9rience exceptionnelle pour les passagers.<\/p><p style=\"font-weight: 400;\"><strong>Vers un avenir r\u00e9silient et rayonnant<\/strong><\/p><p style=\"font-weight: 400;\">Dans un monde en constante \u00e9volution, marqu\u00e9 par des d\u00e9fis \u00e9conomiques, environnementaux et soci\u00e9taux, l&#8217;UNPNC chez Air France se r\u00e9v\u00e8le plus que jamais indispensable. En adaptant continuellement ses strat\u00e9gies de repr\u00e9sentation et de n\u00e9gociation, en anticipant les besoins futurs des \u00e9quipages et en \u0153uvrant pour une aviation plus durable et responsable, le syndicat assure \u00e0 Air France une position de leader pr\u00eat \u00e0 affronter les d\u00e9fis de demain.<\/p><p style=\"font-weight: 400;\">L&#8217;engagement de l&#8217;UNPNC au sein d&#8217;Air France n&#8217;est pas seulement une histoire de repr\u00e9sentation syndicale ; c&#8217;est une aventure humaine, une qu\u00eate commune d&#8217;excellence et un engagement partag\u00e9 pour un avenir meilleur. Ensemble, ils volent vers de nouveaux horizons, port\u00e9s par la conviction que le respect, l&#8217;innovation et la passion sont les v\u00e9ritables moteurs d&#8217;un ciel plus ouvert et accueillant pour tous.<\/p><p style=\"font-weight: 400;\">\u00a0<\/p>\t\t\t\t\t\t\t\t<\/div>\n\t\t\t\t<\/div>\n\t\t\t\t\t<\/div>\n\t\t\t\t<\/div>\n\t\t\t\t<\/div>\n\t\t","protected":false},"excerpt":{"rendered":"<p>Accueil Articles Reportages Adhesion Contact Sections Section Air France Section ASL Section Corsair Section Easyjet Section Hop Section Transavia Annexe Confidentialite Assistance App Humberger Toggle Menu Unpnc Air France Dans le vaste ciel de l&#8217;aviation, o\u00f9 les d\u00e9fis se dressent aussi haut que les nuages, l&#8217;Union Nationale des Personnels Navigants Commerciaux (UNPNC) d&#8217;Air France se [&hellip;]<\/p>\n","protected":false},"author":1,"featured_media":0,"parent":0,"menu_order":0,"comment_status":"closed","ping_status":"closed","template":"","meta":{"ocean_post_layout":"","ocean_both_sidebars_style":"","ocean_both_sidebars_content_width":0,"ocean_both_sidebars_sidebars_width":0,"ocean_sidebar":"","ocean_second_sidebar":"","ocean_disable_margins":"enable","ocean_add_body_class":"","ocean_shortcode_before_top_bar":"","ocean_shortcode_after_top_bar":"","ocean_shortcode_before_header":"","ocean_shortcode_after_header":"","ocean_has_shortcode":"","ocean_shortcode_after_title":"","ocean_shortcode_before_footer_widgets":"","ocean_shortcode_after_footer_widgets":"","ocean_shortcode_before_footer_bottom":"","ocean_shortcode_after_footer_bottom":"","ocean_display_top_bar":"default","ocean_display_header":"default","ocean_header_style":"","ocean_center_header_left_menu":"","ocean_custom_header_template":"","ocean_custom_logo":0,"ocean_custom_retina_logo":0,"ocean_custom_logo_max_width":0,"ocean_custom_logo_tablet_max_width":0,"ocean_custom_logo_mobile_max_width":0,"ocean_custom_logo_max_height":0,"ocean_custom_logo_tablet_max_height":0,"ocean_custom_logo_mobile_max_height":0,"ocean_header_custom_menu":"","ocean_menu_typo_font_family":"","ocean_menu_typo_font_subset":"","ocean_menu_typo_font_size":0,"ocean_menu_typo_font_size_tablet":0,"ocean_menu_typo_font_size_mobile":0,"ocean_menu_typo_font_size_unit":"px","ocean_menu_typo_font_weight":"","ocean_menu_typo_font_weight_tablet":"","ocean_menu_typo_font_weight_mobile":"","ocean_menu_typo_transform":"","ocean_menu_typo_transform_tablet":"","ocean_menu_typo_transform_mobile":"","ocean_menu_typo_line_height":0,"ocean_menu_typo_line_height_tablet":0,"ocean_menu_typo_line_height_mobile":0,"ocean_menu_typo_line_height_unit":"","ocean_menu_typo_spacing":0,"ocean_menu_typo_spacing_tablet":0,"ocean_menu_typo_spacing_mobile":0,"ocean_menu_typo_spacing_unit":"","ocean_menu_link_color":"","ocean_menu_link_color_hover":"","ocean_menu_link_color_active":"","ocean_menu_link_background":"","ocean_menu_link_hover_background":"","ocean_menu_link_active_background":"","ocean_menu_social_links_bg":"","ocean_menu_social_hover_links_bg":"","ocean_menu_social_links_color":"","ocean_menu_social_hover_links_color":"","ocean_disable_title":"default","ocean_disable_heading":"default","ocean_post_title":"","ocean_post_subheading":"","ocean_post_title_style":"","ocean_post_title_background_color":"","ocean_post_title_background":0,"ocean_post_title_bg_image_position":"","ocean_post_title_bg_image_attachment":"","ocean_post_title_bg_image_repeat":"","ocean_post_title_bg_image_size":"","ocean_post_title_height":0,"ocean_post_title_bg_overlay":0.5,"ocean_post_title_bg_overlay_color":"","ocean_disable_breadcrumbs":"default","ocean_breadcrumbs_color":"","ocean_breadcrumbs_separator_color":"","ocean_breadcrumbs_links_color":"","ocean_breadcrumbs_links_hover_color":"","ocean_display_footer_widgets":"default","ocean_display_footer_bottom":"default","ocean_custom_footer_template":"","footnotes":""},"class_list":["post-28460","page","type-page","status-publish","hentry","entry"],"_links":{"self":[{"href":"https:\/\/unpncnational.traitdense.com\/index.php?rest_route=\/wp\/v2\/pages\/28460","targetHints":{"allow":["GET"]}}],"collection":[{"href":"https:\/\/unpncnational.traitdense.com\/index.php?rest_route=\/wp\/v2\/pages"}],"about":[{"href":"https:\/\/unpncnational.traitdense.com\/index.php?rest_route=\/wp\/v2\/types\/page"}],"author":[{"embeddable":true,"href":"https:\/\/unpncnational.traitdense.com\/index.php?rest_route=\/wp\/v2\/users\/1"}],"replies":[{"embeddable":true,"href":"https:\/\/unpncnational.traitdense.com\/index.php?rest_route=%2Fwp%2Fv2%2Fcomments&post=28460"}],"version-history":[{"count":6,"href":"https:\/\/unpncnational.traitdense.com\/index.php?rest_route=\/wp\/v2\/pages\/28460\/revisions"}],"predecessor-version":[{"id":32098,"href":"https:\/\/unpncnational.traitdense.com\/index.php?rest_route=\/wp\/v2\/pages\/28460\/revisions\/32098"}],"wp:attachment":[{"href":"https:\/\/unpncnational.traitdense.com\/index.php?rest_route=%2Fwp%2Fv2%2Fmedia&parent=28460"}],"curies":[{"name":"wp","href":"https:\/\/api.w.org\/{rel}","templated":true}]}}